{"id":105,"date":"2024-05-07T17:15:12","date_gmt":"2024-05-07T20:15:12","guid":{"rendered":"https:\/\/3dmagicmkup.com\/?page_id=105"},"modified":"2024-05-07T17:26:13","modified_gmt":"2024-05-07T20:26:13","slug":"privacidade","status":"publish","type":"page","link":"https:\/\/3dmagicmkup.com\/es\/privacidade\/","title":{"rendered":"Privacidad"},"content":{"rendered":"<div data-elementor-type=\"wp-page\" data-elementor-id=\"105\" class=\"elementor elementor-105\">\n\t\t\t\t<div class=\"elementor-element elementor-element-57b0606 e-flex e-con-boxed e-con e-parent\" data-id=\"57b0606\" data-element_type=\"container\" data-e-type=\"container\" data-settings=\"{&quot;background_background&quot;:&quot;classic&quot;}\">\n\t\t\t\t\t<div class=\"e-con-inner\">\n\t\t<div class=\"elementor-element elementor-element-8e22219 e-flex e-con-boxed e-con e-child\" data-id=\"8e22219\" data-element_type=\"container\" data-e-type=\"container\">\n\t\t\t\t\t<div class=\"e-con-inner\">\n\t\t\t\t<div class=\"elementor-element elementor-element-e6a2493 elementor-widget elementor-widget-spacer\" data-id=\"e6a2493\" data-element_type=\"widget\" data-e-type=\"widget\" data-widget_type=\"spacer.default\">\n\t\t\t\t<div class=\"elementor-widget-container\">\n\t\t\t\t\t\t\t<div class=\"elementor-spacer\">\n\t\t\t<div class=\"elementor-spacer-inner\"><\/div>\n\t\t<\/div>\n\t\t\t\t\t\t<\/div>\n\t\t\t\t<\/div>\n\t\t\t\t<div class=\"elementor-element elementor-element-645ec83 elementor-widget elementor-widget-image\" data-id=\"645ec83\" data-element_type=\"widget\" data-e-type=\"widget\" data-widget_type=\"image.default\">\n\t\t\t\t<div class=\"elementor-widget-container\">\n\t\t\t\t\t\t\t\t\t\t\t\t\t\t\t<img fetchpriority=\"high\" decoding=\"async\" width=\"586\" height=\"170\" src=\"https:\/\/3dmagicmkup.com\/wp-content\/uploads\/2024\/05\/Logo-iLeed-Horizontal.png\" class=\"attachment-large size-large wp-image-95\" alt=\"\" srcset=\"https:\/\/3dmagicmkup.com\/wp-content\/uploads\/2024\/05\/Logo-iLeed-Horizontal.png 586w, https:\/\/3dmagicmkup.com\/wp-content\/uploads\/2024\/05\/Logo-iLeed-Horizontal-300x87.png 300w\" sizes=\"(max-width: 586px) 100vw, 586px\" \/>\t\t\t\t\t\t\t\t\t\t\t\t\t\t\t<\/div>\n\t\t\t\t<\/div>\n\t\t\t\t<div class=\"elementor-element elementor-element-d6a7a17 elementor-widget elementor-widget-spacer\" data-id=\"d6a7a17\" data-element_type=\"widget\" data-e-type=\"widget\" data-widget_type=\"spacer.default\">\n\t\t\t\t<div class=\"elementor-widget-container\">\n\t\t\t\t\t\t\t<div class=\"elementor-spacer\">\n\t\t\t<div class=\"elementor-spacer-inner\"><\/div>\n\t\t<\/div>\n\t\t\t\t\t\t<\/div>\n\t\t\t\t<\/div>\n\t\t\t\t<div class=\"elementor-element elementor-element-3a2aac3 elementor-widget elementor-widget-heading\" data-id=\"3a2aac3\" data-element_type=\"widget\" data-e-type=\"widget\" data-widget_type=\"heading.default\">\n\t\t\t\t<div class=\"elementor-widget-container\">\n\t\t\t\t\t<h2 class=\"elementor-heading-title elementor-size-default\">Pol\u00edtica de privacidad de la Agencia iLeed<\/h2>\t\t\t\t<\/div>\n\t\t\t\t<\/div>\n\t\t\t\t<div class=\"elementor-element elementor-element-47c9221 elementor-widget elementor-widget-text-editor\" data-id=\"47c9221\" data-element_type=\"widget\" data-e-type=\"widget\" data-widget_type=\"text-editor.default\">\n\t\t\t\t<div class=\"elementor-widget-container\">\n\t\t\t\t\t\t\t\t\t<div>Toda la informaci\u00f3n personal que recopile se utilizar\u00e1 para que su visita a nuestro sitio sea lo m\u00e1s productiva y agradable posible.<br><br><\/div>\n<div><\/div>\n<div>Garantizar la confidencialidad de los datos personales de los usuarios de nuestro sitio web es importante para la Agencia iLeed.<br><br><\/div>\n<div><\/div>\n<div>Toda la informaci\u00f3n personal relativa a los miembros, suscriptores, clientes o visitantes que utilicen la Agencia iLeed ser\u00e1 tratada de conformidad con la Ley de Protecci\u00f3n de Datos Personales de 26 de octubre de 1998 (Ley n\u00ba 67\/98).<br><br><\/div>\n<div><\/div>\n<div>La informaci\u00f3n personal recopilada puede incluir su nombre, direcci\u00f3n de correo electr\u00f3nico, n\u00famero de tel\u00e9fono fijo y\/o m\u00f3vil, direcci\u00f3n, fecha de nacimiento y\/u otros.<\/div>\n<div><\/div>\n<div>El uso del sitio web de la Agencia iLeed implica la aceptaci\u00f3n de este Acuerdo de privacidad. El equipo de la Agencia iLeed se reserva el derecho de modificar este acuerdo sin previo aviso. Por lo tanto, le recomendamos que consulte nuestra pol\u00edtica de privacidad con regularidad para estar siempre al d\u00eda.<br><br><\/div>\n<div><\/div>\n<div>Los anuncios<\/div>\n<div>Al igual que otros sitios web, recopilamos y utilizamos la informaci\u00f3n contenida en los anuncios. La informaci\u00f3n contenida en los anuncios incluye su direcci\u00f3n IP (protocolo de Internet), su ISP (proveedor de servicios de Internet, como Sapo, Clix u otro), el navegador que utiliz\u00f3 al visitar nuestro sitio web (como Internet Explorer o Firefox), la hora de su visita y las p\u00e1ginas que visit\u00f3 dentro de nuestro sitio web.<\/div>\n<div>Cookies y balizas web.<\/div>\n<div>&nbsp;<\/div>\n<div>Utilizamos cookies para almacenar informaci\u00f3n como sus preferencias personales cuando visita nuestro sitio web. Esto puede incluir una simple ventana emergente, o un enlace en varios servicios que ofrecemos, como los foros.<br><br><\/div>\n<div><\/div>\n<div>Adem\u00e1s, tambi\u00e9n utilizamos publicidad de terceros en nuestro sitio web para sufragar los gastos de mantenimiento. Algunos de estos anunciantes pueden utilizar tecnolog\u00edas como cookies y\/o web beacons al anunciarse en nuestro sitio web, lo que har\u00e1 que estos anunciantes (como Google a trav\u00e9s de Google AdSense) tambi\u00e9n reciban su informaci\u00f3n personal, como su direcci\u00f3n IP, su ISP, su navegador, etc. Esta funci\u00f3n se utiliza generalmente para geotargeting (mostrar publicidad de Lisboa s\u00f3lo a lectores de Lisboa, por ejemplo) o presentar publicidad dirigida a un tipo de usuario (como mostrar publicidad de restaurantes a un usuario que visita regularmente sitios de cocina, por ejemplo).<br><br><\/div>\n<div><\/div>\n<div>Usted tiene la posibilidad de desactivar las cookies, ya sea en las opciones de su navegador o introduciendo cambios en las herramientas de los programas antivirus, como Norton Internet Security. Sin embargo, esto puede cambiar la forma en que usted interact\u00faa con nuestro sitio web u otros sitios web. Esto puede afectar o no permitirle iniciar sesi\u00f3n en programas, sitios o foros de nuestra red y de otras redes.<br><br><\/div>\n<div><\/div>\n<div>Enlaces a sitios de terceros<\/div>\n<div>La Agencia iLeed tiene enlaces a otros sitios web, que creemos pueden contener informaci\u00f3n \/ herramientas \u00fatiles para nuestros visitantes. Nuestra pol\u00edtica de privacidad no se aplica a los sitios de terceros, por lo que si usted visita otro sitio desde el nuestro debe leer su pol\u00edtica de privacidad.<br><br><\/div>\n<div><\/div>\n<div>No somos responsables de la pol\u00edtica de privacidad ni del contenido de estos sitios.<br><\/div>\n<p><br><\/p>\n<p><br><\/p>\n<div>Derechos de autor de la Agencia iLeed.<\/div>\t\t\t\t\t\t\t\t<\/div>\n\t\t\t\t<\/div>\n\t\t\t\t<div class=\"elementor-element elementor-element-8cb00fd elementor-widget elementor-widget-spacer\" data-id=\"8cb00fd\" data-element_type=\"widget\" data-e-type=\"widget\" data-widget_type=\"spacer.default\">\n\t\t\t\t<div class=\"elementor-widget-container\">\n\t\t\t\t\t\t\t<div class=\"elementor-spacer\">\n\t\t\t<div class=\"elementor-spacer-inner\"><\/div>\n\t\t<\/div>\n\t\t\t\t\t\t<\/div>\n\t\t\t\t<\/div>\n\t\t\t\t\t<\/div>\n\t\t\t\t<\/div>\n\t\t\t\t\t<\/div>\n\t\t\t\t<\/div>\n\t\t\t\t<\/div>","protected":false},"excerpt":{"rendered":"<p>Pol\u00edtica de privacidad de la Agencia iLeed Toda la informaci\u00f3n personal recopilada se utilizar\u00e1 para ayudar a que su visita a nuestro sitio sea lo m\u00e1s productiva y agradable posible. Garantizar la confidencialidad de los datos personales de los usuarios de nuestro sitio es importante para la Agencia iLeed. Toda la informaci\u00f3n personal relativa a los miembros, [...]<\/p>","protected":false},"author":1,"featured_media":0,"parent":0,"menu_order":0,"comment_status":"closed","ping_status":"closed","template":"elementor_canvas","meta":{"footnotes":""},"class_list":["post-105","page","type-page","status-publish","hentry"],"_links":{"self":[{"href":"https:\/\/3dmagicmkup.com\/es\/wp-json\/wp\/v2\/pages\/105","targetHints":{"allow":["GET"]}}],"collection":[{"href":"https:\/\/3dmagicmkup.com\/es\/wp-json\/wp\/v2\/pages"}],"about":[{"href":"https:\/\/3dmagicmkup.com\/es\/wp-json\/wp\/v2\/types\/page"}],"author":[{"embeddable":true,"href":"https:\/\/3dmagicmkup.com\/es\/wp-json\/wp\/v2\/users\/1"}],"replies":[{"embeddable":true,"href":"https:\/\/3dmagicmkup.com\/es\/wp-json\/wp\/v2\/comments?post=105"}],"version-history":[{"count":4,"href":"https:\/\/3dmagicmkup.com\/es\/wp-json\/wp\/v2\/pages\/105\/revisions"}],"predecessor-version":[{"id":111,"href":"https:\/\/3dmagicmkup.com\/es\/wp-json\/wp\/v2\/pages\/105\/revisions\/111"}],"wp:attachment":[{"href":"https:\/\/3dmagicmkup.com\/es\/wp-json\/wp\/v2\/media?parent=105"}],"curies":[{"name":"wp","href":"https:\/\/api.w.org\/{rel}","templated":true}]}}